{"id":14,"date":"2023-11-05T19:09:09","date_gmt":"2023-11-05T19:09:09","guid":{"rendered":"https:\/\/xlifeevents.hdonline.pt\/?page_id=14"},"modified":"2025-01-26T19:35:10","modified_gmt":"2025-01-26T19:35:10","slug":"eventos","status":"publish","type":"page","link":"https:\/\/xlife.pt\/index.php\/eventos\/","title":{"rendered":"Eventos"},"content":{"rendered":"\t\t<div data-elementor-type=\"wp-page\" data-elementor-id=\"14\" class=\"elementor elementor-14\" data-elementor-post-type=\"page\">\n\t\t\t\t<div class=\"elementor-element elementor-element-cc6efc2 e-flex e-con-boxed e-con e-parent\" data-id=\"cc6efc2\" data-element_type=\"container\">\n\t\t\t\t\t<div class=\"e-con-inner\">\n\t\t<div class=\"elementor-element elementor-element-67c686f e-flex e-con-boxed e-con e-child\" data-id=\"67c686f\" data-element_type=\"container\">\n\t\t\t\t\t<div class=\"e-con-inner\">\n\t\t\t\t<div class=\"elementor-element elementor-element-9676a07 elementor-widget elementor-widget-heading\" data-id=\"9676a07\" data-element_type=\"widget\" data-widget_type=\"heading.default\">\n\t\t\t\t<div class=\"elementor-widget-container\">\n\t\t\t\t\t<h3 class=\"elementor-heading-title elementor-size-default\">Pr\u00f3ximos Eventos<\/h3>\t\t\t\t<\/div>\n\t\t\t\t<\/div>\n\t\t\t\t\t<\/div>\n\t\t\t\t<\/div>\n\t\t<div class=\"elementor-element elementor-element-346efff e-con-full e-flex e-con e-child\" data-id=\"346efff\" data-element_type=\"container\">\n\t\t\t\t<div class=\"elementor-element elementor-element-18a4473 elementor-widget__width-initial elementor-widget-mobile__width-inherit elementor-position-top elementor-widget elementor-widget-image-box\" data-id=\"18a4473\" data-element_type=\"widget\" data-widget_type=\"image-box.default\">\n\t\t\t\t<div class=\"elementor-widget-container\">\n\t\t\t\t\t<div class=\"elementor-image-box-wrapper\"><figure class=\"elementor-image-box-img\"><img fetchpriority=\"high\" decoding=\"async\" width=\"1080\" height=\"1080\" src=\"https:\/\/xlife.pt\/wp-content\/uploads\/2025\/01\/duatlo-marco-2025-1080-ziped.jpg\" class=\"elementor-animation-grow attachment-full size-full wp-image-719\" alt=\"\" srcset=\"https:\/\/xlife.pt\/wp-content\/uploads\/2025\/01\/duatlo-marco-2025-1080-ziped.jpg 1080w, https:\/\/xlife.pt\/wp-content\/uploads\/2025\/01\/duatlo-marco-2025-1080-ziped-300x300.jpg 300w, https:\/\/xlife.pt\/wp-content\/uploads\/2025\/01\/duatlo-marco-2025-1080-ziped-1024x1024.jpg 1024w, https:\/\/xlife.pt\/wp-content\/uploads\/2025\/01\/duatlo-marco-2025-1080-ziped-150x150.jpg 150w, https:\/\/xlife.pt\/wp-content\/uploads\/2025\/01\/duatlo-marco-2025-1080-ziped-768x768.jpg 768w\" sizes=\"(max-width: 1080px) 100vw, 1080px\" \/><\/figure><div class=\"elementor-image-box-content\"><h4 class=\"elementor-image-box-title\">8\u00ba DUATLO<br>Viana do Castelo<\/h4><p class=\"elementor-image-box-description\">23 de Mar\u00e7o 2025<\/p><\/div><\/div>\t\t\t\t<\/div>\n\t\t\t\t<\/div>\n\t\t\t\t<div class=\"elementor-element elementor-element-37c698e elementor-align-center elementor-hidden-desktop elementor-hidden-tablet elementor-widget elementor-widget-button\" data-id=\"37c698e\" data-element_type=\"widget\" data-widget_type=\"button.default\">\n\t\t\t\t<div class=\"elementor-widget-container\">\n\t\t\t\t\t\t\t\t\t<div class=\"elementor-button-wrapper\">\n\t\t\t\t\t<a class=\"elementor-button elementor-button-link elementor-size-xl\" href=\"https:\/\/www.sinctime.com\/evento\/323%20\" target=\"_blank\">\n\t\t\t\t\t\t<span class=\"elementor-button-content-wrapper\">\n\t\t\t\t\t\t\t\t\t<span class=\"elementor-button-text\">INSCRI\u00c7\u00d5ES<\/span>\n\t\t\t\t\t<\/span>\n\t\t\t\t\t<\/a>\n\t\t\t\t<\/div>\n\t\t\t\t\t\t\t\t<\/div>\n\t\t\t\t<\/div>\n\t\t\t\t<div class=\"elementor-element elementor-element-6e35d23 elementor-widget__width-initial elementor-widget-mobile__width-inherit elementor-position-top elementor-widget elementor-widget-image-box\" data-id=\"6e35d23\" data-element_type=\"widget\" data-widget_type=\"image-box.default\">\n\t\t\t\t<div class=\"elementor-widget-container\">\n\t\t\t\t\t<div class=\"elementor-image-box-wrapper\"><figure class=\"elementor-image-box-img\"><img decoding=\"async\" width=\"1130\" height=\"1600\" src=\"https:\/\/xlife.pt\/wp-content\/uploads\/2024\/10\/hybrid-small-jpeg_11zon.jpg\" class=\"elementor-animation-grow attachment-full size-full wp-image-670\" alt=\"\" srcset=\"https:\/\/xlife.pt\/wp-content\/uploads\/2024\/10\/hybrid-small-jpeg_11zon.jpg 1130w, https:\/\/xlife.pt\/wp-content\/uploads\/2024\/10\/hybrid-small-jpeg_11zon-212x300.jpg 212w, https:\/\/xlife.pt\/wp-content\/uploads\/2024\/10\/hybrid-small-jpeg_11zon-723x1024.jpg 723w, https:\/\/xlife.pt\/wp-content\/uploads\/2024\/10\/hybrid-small-jpeg_11zon-768x1087.jpg 768w, https:\/\/xlife.pt\/wp-content\/uploads\/2024\/10\/hybrid-small-jpeg_11zon-1085x1536.jpg 1085w\" sizes=\"(max-width: 1130px) 100vw, 1130px\" \/><\/figure><div class=\"elementor-image-box-content\"><h4 class=\"elementor-image-box-title\">HYBRID Day<br>by CROSSFIT Viana do Castelo &amp; Xlife<\/h4><p class=\"elementor-image-box-description\">24 e 25 Maio 2025<\/p><\/div><\/div>\t\t\t\t<\/div>\n\t\t\t\t<\/div>\n\t\t\t\t<div class=\"elementor-element elementor-element-648da54 elementor-align-center elementor-hidden-desktop elementor-hidden-tablet elementor-widget elementor-widget-button\" data-id=\"648da54\" data-element_type=\"widget\" data-widget_type=\"button.default\">\n\t\t\t\t<div class=\"elementor-widget-container\">\n\t\t\t\t\t\t\t\t\t<div class=\"elementor-button-wrapper\">\n\t\t\t\t\t<a class=\"elementor-button elementor-button-link elementor-size-xl\" href=\"https:\/\/drive.google.com\/file\/d\/1a4JrNPycQlbd5OU9H7ONe_Q1iiQCire4\/view?fbclid=PAZXh0bgNhZW0CMTEAAabi3ZQdrMxDlt9zOaXYmqH8NRufsIngIAnRhdFqlozn0GSYy8jf4qvIkHg_aem_H-mAnpCVcHeDT6AIDRuryw\" target=\"_blank\">\n\t\t\t\t\t\t<span class=\"elementor-button-content-wrapper\">\n\t\t\t\t\t\t\t\t\t<span class=\"elementor-button-text\">INSCRI\u00c7\u00d5ES<\/span>\n\t\t\t\t\t<\/span>\n\t\t\t\t\t<\/a>\n\t\t\t\t<\/div>\n\t\t\t\t\t\t\t\t<\/div>\n\t\t\t\t<\/div>\n\t\t\t\t<div class=\"elementor-element elementor-element-ce92454 elementor-widget__width-initial elementor-widget-mobile__width-inherit elementor-position-top elementor-widget elementor-widget-image-box\" data-id=\"ce92454\" data-element_type=\"widget\" data-widget_type=\"image-box.default\">\n\t\t\t\t<div class=\"elementor-widget-container\">\n\t\t\t\t\t<div class=\"elementor-image-box-wrapper\"><figure class=\"elementor-image-box-img\"><img decoding=\"async\" width=\"1448\" height=\"2048\" src=\"https:\/\/xlife.pt\/wp-content\/uploads\/2025\/01\/5-triatlo-2025_11zon.jpg\" class=\"elementor-animation-grow attachment-full size-full wp-image-730\" alt=\"\" srcset=\"https:\/\/xlife.pt\/wp-content\/uploads\/2025\/01\/5-triatlo-2025_11zon.jpg 1448w, https:\/\/xlife.pt\/wp-content\/uploads\/2025\/01\/5-triatlo-2025_11zon-212x300.jpg 212w, https:\/\/xlife.pt\/wp-content\/uploads\/2025\/01\/5-triatlo-2025_11zon-724x1024.jpg 724w, https:\/\/xlife.pt\/wp-content\/uploads\/2025\/01\/5-triatlo-2025_11zon-768x1086.jpg 768w, https:\/\/xlife.pt\/wp-content\/uploads\/2025\/01\/5-triatlo-2025_11zon-1086x1536.jpg 1086w\" sizes=\"(max-width: 1448px) 100vw, 1448px\" \/><\/figure><div class=\"elementor-image-box-content\"><h4 class=\"elementor-image-box-title\">5\u00ba TRIATLO<br>OL\u00cdMPICO DE VIANA<\/h4><p class=\"elementor-image-box-description\">6 de Julho 2025<\/p><\/div><\/div>\t\t\t\t<\/div>\n\t\t\t\t<\/div>\n\t\t\t\t<div class=\"elementor-element elementor-element-df8447f elementor-align-center elementor-hidden-desktop elementor-hidden-tablet elementor-widget elementor-widget-button\" data-id=\"df8447f\" data-element_type=\"widget\" data-widget_type=\"button.default\">\n\t\t\t\t<div class=\"elementor-widget-container\">\n\t\t\t\t\t\t\t\t\t<div class=\"elementor-button-wrapper\">\n\t\t\t\t\t<a class=\"elementor-button elementor-button-link elementor-size-xl\" href=\"https:\/\/www.sinctime.com\/evento\/327\" target=\"_blank\">\n\t\t\t\t\t\t<span class=\"elementor-button-content-wrapper\">\n\t\t\t\t\t\t\t\t\t<span class=\"elementor-button-text\">INSCRI\u00c7\u00d5ES<\/span>\n\t\t\t\t\t<\/span>\n\t\t\t\t\t<\/a>\n\t\t\t\t<\/div>\n\t\t\t\t\t\t\t\t<\/div>\n\t\t\t\t<\/div>\n\t\t\t\t<\/div>\n\t\t<div class=\"elementor-element elementor-element-d777e62 e-con-full elementor-hidden-mobile e-flex e-con e-child\" data-id=\"d777e62\" data-element_type=\"container\">\n\t\t\t\t<div class=\"elementor-element elementor-element-10a117a elementor-align-center elementor-widget elementor-widget-button\" data-id=\"10a117a\" data-element_type=\"widget\" data-widget_type=\"button.default\">\n\t\t\t\t<div class=\"elementor-widget-container\">\n\t\t\t\t\t\t\t\t\t<div class=\"elementor-button-wrapper\">\n\t\t\t\t\t<a class=\"elementor-button elementor-button-link elementor-size-xl\" href=\"https:\/\/www.sinctime.com\/evento\/323%20\" target=\"_blank\">\n\t\t\t\t\t\t<span class=\"elementor-button-content-wrapper\">\n\t\t\t\t\t\t\t\t\t<span class=\"elementor-button-text\">INSCRI\u00c7\u00d5ES<\/span>\n\t\t\t\t\t<\/span>\n\t\t\t\t\t<\/a>\n\t\t\t\t<\/div>\n\t\t\t\t\t\t\t\t<\/div>\n\t\t\t\t<\/div>\n\t\t\t\t<div class=\"elementor-element elementor-element-5ccdefa elementor-align-center elementor-widget elementor-widget-button\" data-id=\"5ccdefa\" data-element_type=\"widget\" data-widget_type=\"button.default\">\n\t\t\t\t<div class=\"elementor-widget-container\">\n\t\t\t\t\t\t\t\t\t<div class=\"elementor-button-wrapper\">\n\t\t\t\t\t<a class=\"elementor-button elementor-button-link elementor-size-xl\" href=\"https:\/\/drive.google.com\/file\/d\/1a4JrNPycQlbd5OU9H7ONe_Q1iiQCire4\/view?fbclid=PAZXh0bgNhZW0CMTEAAabi3ZQdrMxDlt9zOaXYmqH8NRufsIngIAnRhdFqlozn0GSYy8jf4qvIkHg_aem_H-mAnpCVcHeDT6AIDRuryw\" target=\"_blank\">\n\t\t\t\t\t\t<span class=\"elementor-button-content-wrapper\">\n\t\t\t\t\t\t\t\t\t<span class=\"elementor-button-text\">INSCRI\u00c7\u00d5ES<\/span>\n\t\t\t\t\t<\/span>\n\t\t\t\t\t<\/a>\n\t\t\t\t<\/div>\n\t\t\t\t\t\t\t\t<\/div>\n\t\t\t\t<\/div>\n\t\t\t\t<\/div>\n\t\t\t\t\t<\/div>\n\t\t\t\t<\/div>\n\t\t<div class=\"elementor-element elementor-element-53267c19 e-flex e-con-boxed e-con e-parent\" data-id=\"53267c19\" data-element_type=\"container\" data-settings=\"{&quot;background_background&quot;:&quot;classic&quot;}\">\n\t\t\t\t\t<div class=\"e-con-inner\">\n\t\t\t\t<div class=\"elementor-element elementor-element-3292fe4 elementor-widget-mobile__width-inherit elementor-widget elementor-widget-gallery\" data-id=\"3292fe4\" data-element_type=\"widget\" data-settings=\"{&quot;columns&quot;:3,&quot;gap&quot;:{&quot;unit&quot;:&quot;px&quot;,&quot;size&quot;:22,&quot;sizes&quot;:[]},&quot;overlay_title&quot;:&quot;caption&quot;,&quot;content_hover_animation&quot;:&quot;shrink&quot;,&quot;content_sequenced_animation&quot;:&quot;yes&quot;,&quot;lazyload&quot;:&quot;yes&quot;,&quot;gallery_layout&quot;:&quot;grid&quot;,&quot;columns_tablet&quot;:2,&quot;columns_mobile&quot;:1,&quot;gap_tablet&quot;:{&quot;unit&quot;:&quot;px&quot;,&quot;size&quot;:10,&quot;sizes&quot;:[]},&quot;gap_mobile&quot;:{&quot;unit&quot;:&quot;px&quot;,&quot;size&quot;:10,&quot;sizes&quot;:[]},&quot;link_to&quot;:&quot;file&quot;,&quot;aspect_ratio&quot;:&quot;3:2&quot;,&quot;overlay_background&quot;:&quot;yes&quot;}\" data-widget_type=\"gallery.default\">\n\t\t\t\t<div class=\"elementor-widget-container\">\n\t\t\t\t\t\t\t<div class=\"elementor-gallery__container\">\n\t\t\t\t\t\t\t<a class=\"e-gallery-item elementor-gallery-item elementor-animated-content\" href=\"https:\/\/xlife.pt\/wp-content\/uploads\/2023\/11\/s_silvestre-19.jpg\">\n\t\t\t\t\t<div class=\"e-gallery-image elementor-gallery-item__image\" data-thumbnail=\"https:\/\/xlife.pt\/wp-content\/uploads\/2023\/11\/s_silvestre-19-1024x683.jpg\" data-width=\"800\" data-height=\"534\" aria-label=\"\" role=\"img\" ><\/div>\n\t\t\t\t\t\t\t\t\t\t\t<div class=\"elementor-gallery-item__overlay\"><\/div>\n\t\t\t\t\t\t\t\t\t\t\t\t\t\t\t<div class=\"elementor-gallery-item__content\">\n\t\t\t\t\t\t\t\t\t\t\t<\/div>\n\t\t\t\t\t\t\t\t\t<\/a>\n\t\t\t\t\t\t\t<a class=\"e-gallery-item elementor-gallery-item elementor-animated-content\" href=\"https:\/\/xlife.pt\/wp-content\/uploads\/2023\/11\/s_silvestre-10.jpg\">\n\t\t\t\t\t<div class=\"e-gallery-image elementor-gallery-item__image\" data-thumbnail=\"https:\/\/xlife.pt\/wp-content\/uploads\/2023\/11\/s_silvestre-10-1024x683.jpg\" data-width=\"800\" data-height=\"534\" aria-label=\"\" role=\"img\" ><\/div>\n\t\t\t\t\t\t\t\t\t\t\t<div class=\"elementor-gallery-item__overlay\"><\/div>\n\t\t\t\t\t\t\t\t\t\t\t\t\t\t\t<div class=\"elementor-gallery-item__content\">\n\t\t\t\t\t\t\t\t\t\t\t<\/div>\n\t\t\t\t\t\t\t\t\t<\/a>\n\t\t\t\t\t\t\t<a class=\"e-gallery-item elementor-gallery-item elementor-animated-content\" href=\"https:\/\/xlife.pt\/wp-content\/uploads\/2023\/11\/s_silvestre-6.jpg\">\n\t\t\t\t\t<div class=\"e-gallery-image elementor-gallery-item__image\" data-thumbnail=\"https:\/\/xlife.pt\/wp-content\/uploads\/2023\/11\/s_silvestre-6-1024x687.jpg\" data-width=\"800\" data-height=\"537\" aria-label=\"\" role=\"img\" ><\/div>\n\t\t\t\t\t\t\t\t\t\t\t<div class=\"elementor-gallery-item__overlay\"><\/div>\n\t\t\t\t\t\t\t\t\t\t\t\t\t\t\t<div class=\"elementor-gallery-item__content\">\n\t\t\t\t\t\t\t\t\t\t\t<\/div>\n\t\t\t\t\t\t\t\t\t<\/a>\n\t\t\t\t\t\t\t<a class=\"e-gallery-item elementor-gallery-item elementor-animated-content\" href=\"https:\/\/xlife.pt\/wp-content\/uploads\/2023\/11\/super_cup-7.jpg\">\n\t\t\t\t\t<div class=\"e-gallery-image elementor-gallery-item__image\" data-thumbnail=\"https:\/\/xlife.pt\/wp-content\/uploads\/2023\/11\/super_cup-7-1024x683.jpg\" data-width=\"800\" data-height=\"534\" aria-label=\"\" role=\"img\" ><\/div>\n\t\t\t\t\t\t\t\t\t\t\t<div class=\"elementor-gallery-item__overlay\"><\/div>\n\t\t\t\t\t\t\t\t\t\t\t\t\t\t\t<div class=\"elementor-gallery-item__content\">\n\t\t\t\t\t\t\t\t\t\t\t<\/div>\n\t\t\t\t\t\t\t\t\t<\/a>\n\t\t\t\t\t\t\t<a class=\"e-gallery-item elementor-gallery-item elementor-animated-content\" href=\"https:\/\/xlife.pt\/wp-content\/uploads\/2023\/11\/triatlo-16.jpg\">\n\t\t\t\t\t<div class=\"e-gallery-image elementor-gallery-item__image\" data-thumbnail=\"https:\/\/xlife.pt\/wp-content\/uploads\/2023\/11\/triatlo-16-1024x683.jpg\" data-width=\"800\" data-height=\"534\" aria-label=\"\" role=\"img\" ><\/div>\n\t\t\t\t\t\t\t\t\t\t\t<div class=\"elementor-gallery-item__overlay\"><\/div>\n\t\t\t\t\t\t\t\t\t\t\t\t\t\t\t<div class=\"elementor-gallery-item__content\">\n\t\t\t\t\t\t\t\t\t\t\t<\/div>\n\t\t\t\t\t\t\t\t\t<\/a>\n\t\t\t\t\t\t\t<a class=\"e-gallery-item elementor-gallery-item elementor-animated-content\" href=\"https:\/\/xlife.pt\/wp-content\/uploads\/2023\/11\/triatlo-12.jpg\">\n\t\t\t\t\t<div class=\"e-gallery-image elementor-gallery-item__image\" data-thumbnail=\"https:\/\/xlife.pt\/wp-content\/uploads\/2023\/11\/triatlo-12-1024x683.jpg\" data-width=\"800\" data-height=\"534\" aria-label=\"\" role=\"img\" ><\/div>\n\t\t\t\t\t\t\t\t\t\t\t<div class=\"elementor-gallery-item__overlay\"><\/div>\n\t\t\t\t\t\t\t\t\t\t\t\t\t\t\t<div class=\"elementor-gallery-item__content\">\n\t\t\t\t\t\t\t\t\t\t\t<\/div>\n\t\t\t\t\t\t\t\t\t<\/a>\n\t\t\t\t\t<\/div>\n\t\t\t\t\t<\/div>\n\t\t\t\t<\/div>\n\t\t\t\t\t<\/div>\n\t\t\t\t<\/div>\n\t\t\t\t<\/div>\n\t\t","protected":false},"excerpt":{"rendered":"<p>Pr\u00f3ximos Eventos 8\u00ba DUATLOViana do Castelo 23 de Mar\u00e7o 2025 INSCRI\u00c7\u00d5ES HYBRID Dayby CROSSFIT Viana do Castelo &#038; Xlife 24 e 25 Maio 2025 INSCRI\u00c7\u00d5ES 5\u00ba TRIATLOOL\u00cdMPICO DE VIANA 6 de Julho 2025 INSCRI\u00c7\u00d5ES INSCRI\u00c7\u00d5ES INSCRI\u00c7\u00d5ES<\/p>\n","protected":false},"author":1,"featured_media":0,"parent":0,"menu_order":0,"comment_status":"closed","ping_status":"closed","template":"","meta":{"footnotes":""},"class_list":["post-14","page","type-page","status-publish","hentry"],"_links":{"self":[{"href":"https:\/\/xlife.pt\/index.php\/wp-json\/wp\/v2\/pages\/14","targetHints":{"allow":["GET"]}}],"collection":[{"href":"https:\/\/xlife.pt\/index.php\/wp-json\/wp\/v2\/pages"}],"about":[{"href":"https:\/\/xlife.pt\/index.php\/wp-json\/wp\/v2\/types\/page"}],"author":[{"embeddable":true,"href":"https:\/\/xlife.pt\/index.php\/wp-json\/wp\/v2\/users\/1"}],"replies":[{"embeddable":true,"href":"https:\/\/xlife.pt\/index.php\/wp-json\/wp\/v2\/comments?post=14"}],"version-history":[{"count":88,"href":"https:\/\/xlife.pt\/index.php\/wp-json\/wp\/v2\/pages\/14\/revisions"}],"predecessor-version":[{"id":743,"href":"https:\/\/xlife.pt\/index.php\/wp-json\/wp\/v2\/pages\/14\/revisions\/743"}],"wp:attachment":[{"href":"https:\/\/xlife.pt\/index.php\/wp-json\/wp\/v2\/media?parent=14"}],"curies":[{"name":"wp","href":"https:\/\/api.w.org\/{rel}","templated":true}]}}