{"id":43,"date":"2023-11-04T18:01:07","date_gmt":"2023-11-04T18:01:07","guid":{"rendered":"https:\/\/xlifeevents.hdonline.pt\/?page_id=43"},"modified":"2025-01-31T10:46:13","modified_gmt":"2025-01-31T10:46:13","slug":"sobre-nos","status":"publish","type":"page","link":"https:\/\/xlife.pt\/index.php\/sobre-nos\/","title":{"rendered":"Sobre N\u00f3s"},"content":{"rendered":"\t\t<div data-elementor-type=\"wp-page\" data-elementor-id=\"43\" class=\"elementor elementor-43\" data-elementor-post-type=\"page\">\n\t\t\t\t<div class=\"elementor-element elementor-element-faef73c e-con-full e-flex e-con e-parent\" data-id=\"faef73c\" data-element_type=\"container\">\n\t\t<div class=\"elementor-element elementor-element-2fd5a59 e-flex e-con-boxed e-con e-child\" data-id=\"2fd5a59\" data-element_type=\"container\" data-settings=\"{&quot;background_background&quot;:&quot;classic&quot;}\">\n\t\t\t\t\t<div class=\"e-con-inner\">\n\t\t\t\t<div class=\"elementor-element elementor-element-9ec7643 elementor-widget elementor-widget-heading\" data-id=\"9ec7643\" data-element_type=\"widget\" data-widget_type=\"heading.default\">\n\t\t\t\t<div class=\"elementor-widget-container\">\n\t\t\t\t\t<h1 class=\"elementor-heading-title elementor-size-default\">SOBRE N\u00d3S<\/h1>\t\t\t\t<\/div>\n\t\t\t\t<\/div>\n\t\t\t\t\t<\/div>\n\t\t\t\t<\/div>\n\t\t\t\t<\/div>\n\t\t<div class=\"elementor-element elementor-element-7d10d80d e-flex e-con-boxed e-con e-parent\" data-id=\"7d10d80d\" data-element_type=\"container\">\n\t\t\t\t\t<div class=\"e-con-inner\">\n\t\t<div class=\"elementor-element elementor-element-46ad72bc e-con-full e-flex e-con e-child\" data-id=\"46ad72bc\" data-element_type=\"container\">\n\t\t\t\t<div class=\"elementor-element elementor-element-e1c7d53 elementor-widget elementor-widget-image\" data-id=\"e1c7d53\" data-element_type=\"widget\" data-widget_type=\"image.default\">\n\t\t\t\t<div class=\"elementor-widget-container\">\n\t\t\t\t\t\t\t\t\t\t\t\t\t\t\t<img fetchpriority=\"high\" decoding=\"async\" width=\"800\" height=\"534\" src=\"https:\/\/xlife.pt\/wp-content\/uploads\/2023\/11\/triatlo-4-1024x683.jpg\" class=\"attachment-large size-large wp-image-159\" alt=\"\" srcset=\"https:\/\/xlife.pt\/wp-content\/uploads\/2023\/11\/triatlo-4-1024x683.jpg 1024w, https:\/\/xlife.pt\/wp-content\/uploads\/2023\/11\/triatlo-4-300x200.jpg 300w, https:\/\/xlife.pt\/wp-content\/uploads\/2023\/11\/triatlo-4-768x512.jpg 768w, https:\/\/xlife.pt\/wp-content\/uploads\/2023\/11\/triatlo-4-1536x1025.jpg 1536w, https:\/\/xlife.pt\/wp-content\/uploads\/2023\/11\/triatlo-4.jpg 2048w\" sizes=\"(max-width: 800px) 100vw, 800px\" \/>\t\t\t\t\t\t\t\t\t\t\t\t\t\t\t<\/div>\n\t\t\t\t<\/div>\n\t\t\t\t<\/div>\n\t\t<div class=\"elementor-element elementor-element-634ddd0 e-con-full e-flex e-con e-child\" data-id=\"634ddd0\" data-element_type=\"container\">\n\t\t\t\t<div class=\"elementor-element elementor-element-7f42f3ea elementor-widget elementor-widget-text-editor\" data-id=\"7f42f3ea\" data-element_type=\"widget\" data-widget_type=\"text-editor.default\">\n\t\t\t\t<div class=\"elementor-widget-container\">\n\t\t\t\t\t\t\t\t\t<p>A<strong>\u00a0XLIFE EVENTS<\/strong>\u00a0\u00e9 uma marca especializada na produ\u00e7\u00e3o de eventos desportivos e culturais de car\u00e1cter corporate ou abertas ao p\u00fablico em geral, com o objectivo de promover eventos\u00a0 para empresas ou institui\u00e7\u00f5es.<\/p><p>Com uma equipa experiente e motivada, procura proporcionar\u00a0 experi\u00eancias de excel\u00eancia a todos os que participam nas suas provas.<\/p>\t\t\t\t\t\t\t\t<\/div>\n\t\t\t\t<\/div>\n\t\t\t\t<\/div>\n\t\t\t\t\t<\/div>\n\t\t\t\t<\/div>\n\t\t<div class=\"elementor-element elementor-element-639b2af elementor-hidden-desktop elementor-hidden-tablet e-flex e-con-boxed e-con e-parent\" data-id=\"639b2af\" data-element_type=\"container\">\n\t\t\t\t\t<div class=\"e-con-inner\">\n\t\t<div class=\"elementor-element elementor-element-1073fe7 e-con-full e-flex e-con e-child\" data-id=\"1073fe7\" data-element_type=\"container\">\n\t\t\t\t<div class=\"elementor-element elementor-element-ae0883b elementor-widget elementor-widget-image\" data-id=\"ae0883b\" data-element_type=\"widget\" data-widget_type=\"image.default\">\n\t\t\t\t<div class=\"elementor-widget-container\">\n\t\t\t\t\t\t\t\t\t\t\t\t\t\t\t<img decoding=\"async\" width=\"800\" height=\"534\" src=\"https:\/\/xlife.pt\/wp-content\/uploads\/2023\/11\/s_silvestre-10-1024x683.jpg\" class=\"attachment-large size-large wp-image-207\" alt=\"\" srcset=\"https:\/\/xlife.pt\/wp-content\/uploads\/2023\/11\/s_silvestre-10-1024x683.jpg 1024w, https:\/\/xlife.pt\/wp-content\/uploads\/2023\/11\/s_silvestre-10-300x200.jpg 300w, https:\/\/xlife.pt\/wp-content\/uploads\/2023\/11\/s_silvestre-10-768x512.jpg 768w, https:\/\/xlife.pt\/wp-content\/uploads\/2023\/11\/s_silvestre-10-1536x1024.jpg 1536w, https:\/\/xlife.pt\/wp-content\/uploads\/2023\/11\/s_silvestre-10.jpg 2048w\" sizes=\"(max-width: 800px) 100vw, 800px\" \/>\t\t\t\t\t\t\t\t\t\t\t\t\t\t\t<\/div>\n\t\t\t\t<\/div>\n\t\t\t\t<\/div>\n\t\t<div class=\"elementor-element elementor-element-062c1f7 e-con-full e-flex e-con e-child\" data-id=\"062c1f7\" data-element_type=\"container\">\n\t\t\t\t<div class=\"elementor-element elementor-element-94beae7 elementor-widget elementor-widget-text-editor\" data-id=\"94beae7\" data-element_type=\"widget\" data-widget_type=\"text-editor.default\">\n\t\t\t\t<div class=\"elementor-widget-container\">\n\t\t\t\t\t\t\t\t\t<p>Estabelece parcerias estrat\u00e9gicas com o tecido empresarial e institucional da regi\u00e3o da realiza\u00e7\u00e3o do evento de forma a potenciar o seu impacto e dimens\u00e3o organizativa.<\/p><p>Com atividade desde 2009, a XLIFE EVENTS conta com um portfolio de eventos abrangente\u00a0 que reflete a sua consist\u00eancia, compet\u00eancia e responsabilidade na organiza\u00e7\u00e3o de eventos.<\/p><p>A nossa marca reflete o nosso prop\u00f3sito, eXperience LIFE,\u00a0 preencher as vidas com as melhores experi\u00eancias, as melhores mem\u00f3rias, elevar a nossa exist\u00eancia.<\/p>\t\t\t\t\t\t\t\t<\/div>\n\t\t\t\t<\/div>\n\t\t\t\t<\/div>\n\t\t\t\t\t<\/div>\n\t\t\t\t<\/div>\n\t\t<div class=\"elementor-element elementor-element-cab305c elementor-hidden-mobile e-flex e-con-boxed e-con e-parent\" data-id=\"cab305c\" data-element_type=\"container\">\n\t\t\t\t\t<div class=\"e-con-inner\">\n\t\t<div class=\"elementor-element elementor-element-9ac493c e-con-full e-flex e-con e-child\" data-id=\"9ac493c\" data-element_type=\"container\">\n\t\t\t\t<div class=\"elementor-element elementor-element-a630a03 elementor-widget elementor-widget-text-editor\" data-id=\"a630a03\" data-element_type=\"widget\" data-widget_type=\"text-editor.default\">\n\t\t\t\t<div class=\"elementor-widget-container\">\n\t\t\t\t\t\t\t\t\t<p>Estabelece parcerias estrat\u00e9gicas com o tecido empresarial e institucional da regi\u00e3o da realiza\u00e7\u00e3o do evento de forma a potenciar o seu impacto e dimens\u00e3o organizativa.<\/p><p>Com atividade desde 2009, a XLIFE EVENTS conta com um portfolio de eventos abrangente\u00a0 que reflete a sua consist\u00eancia, compet\u00eancia e responsabilidade na organiza\u00e7\u00e3o de eventos.<\/p><p>A nossa marca reflete o nosso prop\u00f3sito, eXperience LIFE,\u00a0 preencher as vidas com as melhores experi\u00eancias, as melhores mem\u00f3rias, elevar a nossa exist\u00eancia.<\/p>\t\t\t\t\t\t\t\t<\/div>\n\t\t\t\t<\/div>\n\t\t\t\t<\/div>\n\t\t<div class=\"elementor-element elementor-element-5bda783 e-con-full e-flex e-con e-child\" data-id=\"5bda783\" data-element_type=\"container\">\n\t\t\t\t<div class=\"elementor-element elementor-element-26cf7f6 elementor-widget elementor-widget-image\" data-id=\"26cf7f6\" data-element_type=\"widget\" data-widget_type=\"image.default\">\n\t\t\t\t<div class=\"elementor-widget-container\">\n\t\t\t\t\t\t\t\t\t\t\t\t\t\t\t<img decoding=\"async\" width=\"800\" height=\"534\" src=\"https:\/\/xlife.pt\/wp-content\/uploads\/2023\/11\/s_silvestre-10-1024x683.jpg\" class=\"attachment-large size-large wp-image-207\" alt=\"\" srcset=\"https:\/\/xlife.pt\/wp-content\/uploads\/2023\/11\/s_silvestre-10-1024x683.jpg 1024w, https:\/\/xlife.pt\/wp-content\/uploads\/2023\/11\/s_silvestre-10-300x200.jpg 300w, https:\/\/xlife.pt\/wp-content\/uploads\/2023\/11\/s_silvestre-10-768x512.jpg 768w, https:\/\/xlife.pt\/wp-content\/uploads\/2023\/11\/s_silvestre-10-1536x1024.jpg 1536w, https:\/\/xlife.pt\/wp-content\/uploads\/2023\/11\/s_silvestre-10.jpg 2048w\" sizes=\"(max-width: 800px) 100vw, 800px\" \/>\t\t\t\t\t\t\t\t\t\t\t\t\t\t\t<\/div>\n\t\t\t\t<\/div>\n\t\t\t\t<\/div>\n\t\t\t\t\t<\/div>\n\t\t\t\t<\/div>\n\t\t<div class=\"elementor-element elementor-element-3dcac2e7 e-flex e-con-boxed e-con e-parent\" data-id=\"3dcac2e7\" data-element_type=\"container\">\n\t\t\t\t\t<div class=\"e-con-inner\">\n\t\t<div class=\"elementor-element elementor-element-50ecdf70 e-flex e-con-boxed e-con e-child\" data-id=\"50ecdf70\" data-element_type=\"container\">\n\t\t\t\t\t<div class=\"e-con-inner\">\n\t\t\t\t<div class=\"elementor-element elementor-element-70e630a7 elementor-widget elementor-widget-heading\" data-id=\"70e630a7\" data-element_type=\"widget\" data-widget_type=\"heading.default\">\n\t\t\t\t<div class=\"elementor-widget-container\">\n\t\t\t\t\t<h3 class=\"elementor-heading-title elementor-size-default\">Alguns dos nossos Eventos<\/h3>\t\t\t\t<\/div>\n\t\t\t\t<\/div>\n\t\t\t\t<div class=\"elementor-element elementor-element-7bdfe000 elementor-widget elementor-widget-heading\" data-id=\"7bdfe000\" data-element_type=\"widget\" data-widget_type=\"heading.default\">\n\t\t\t\t<div class=\"elementor-widget-container\">\n\t\t\t\t\t<p class=\"elementor-heading-title elementor-size-default\">Desde a tradicional corrida de S\u00e3o Silvestre, aos duatlos e triatlos e \u00e0 corrida do carnaval - a nossa alma est\u00e1 em Viana do Castelo<\/p>\t\t\t\t<\/div>\n\t\t\t\t<\/div>\n\t\t\t\t\t<\/div>\n\t\t\t\t<\/div>\n\t\t<div class=\"elementor-element elementor-element-1ec20106 e-con-full e-flex e-con e-child\" data-id=\"1ec20106\" data-element_type=\"container\">\n\t\t\t\t<div class=\"elementor-element elementor-element-3a35826a elementor-widget__width-initial elementor-widget-mobile__width-inherit elementor-position-top elementor-widget elementor-widget-image-box\" data-id=\"3a35826a\" data-element_type=\"widget\" data-widget_type=\"image-box.default\">\n\t\t\t\t<div class=\"elementor-widget-container\">\n\t\t\t\t\t<div class=\"elementor-image-box-wrapper\"><figure class=\"elementor-image-box-img\"><a href=\"#\" tabindex=\"-1\"><img decoding=\"async\" width=\"842\" height=\"1192\" src=\"https:\/\/xlife.pt\/wp-content\/uploads\/2023\/11\/s_silvestre-14.jpg\" class=\"elementor-animation-grow attachment-full size-full wp-image-211\" alt=\"\" srcset=\"https:\/\/xlife.pt\/wp-content\/uploads\/2023\/11\/s_silvestre-14.jpg 842w, https:\/\/xlife.pt\/wp-content\/uploads\/2023\/11\/s_silvestre-14-212x300.jpg 212w, https:\/\/xlife.pt\/wp-content\/uploads\/2023\/11\/s_silvestre-14-723x1024.jpg 723w, https:\/\/xlife.pt\/wp-content\/uploads\/2023\/11\/s_silvestre-14-768x1087.jpg 768w\" sizes=\"(max-width: 842px) 100vw, 842px\" \/><\/a><\/figure><div class=\"elementor-image-box-content\"><h4 class=\"elementor-image-box-title\"><a href=\"#\">S\u00e3o Silvestre<\/a><\/h4><\/div><\/div>\t\t\t\t<\/div>\n\t\t\t\t<\/div>\n\t\t\t\t<div class=\"elementor-element elementor-element-43f9546f elementor-widget__width-initial elementor-widget-mobile__width-inherit elementor-position-top elementor-widget elementor-widget-image-box\" data-id=\"43f9546f\" data-element_type=\"widget\" data-widget_type=\"image-box.default\">\n\t\t\t\t<div class=\"elementor-widget-container\">\n\t\t\t\t\t<div class=\"elementor-image-box-wrapper\"><figure class=\"elementor-image-box-img\"><a href=\"#\" tabindex=\"-1\"><img loading=\"lazy\" decoding=\"async\" width=\"724\" height=\"1024\" src=\"https:\/\/xlife.pt\/wp-content\/uploads\/2023\/11\/triatlo-3.jpg\" class=\"elementor-animation-grow attachment-full size-full wp-image-158\" alt=\"\" srcset=\"https:\/\/xlife.pt\/wp-content\/uploads\/2023\/11\/triatlo-3.jpg 724w, https:\/\/xlife.pt\/wp-content\/uploads\/2023\/11\/triatlo-3-212x300.jpg 212w\" sizes=\"(max-width: 724px) 100vw, 724px\" \/><\/a><\/figure><div class=\"elementor-image-box-content\"><h4 class=\"elementor-image-box-title\"><a href=\"#\">Triatlo<\/a><\/h4><\/div><\/div>\t\t\t\t<\/div>\n\t\t\t\t<\/div>\n\t\t\t\t<div class=\"elementor-element elementor-element-4c4a715b elementor-widget__width-initial elementor-widget-mobile__width-inherit elementor-position-top elementor-widget elementor-widget-image-box\" data-id=\"4c4a715b\" data-element_type=\"widget\" data-widget_type=\"image-box.default\">\n\t\t\t\t<div class=\"elementor-widget-container\">\n\t\t\t\t\t<div class=\"elementor-image-box-wrapper\"><figure class=\"elementor-image-box-img\"><a href=\"#\" tabindex=\"-1\"><img loading=\"lazy\" decoding=\"async\" width=\"724\" height=\"1024\" src=\"https:\/\/xlife.pt\/wp-content\/uploads\/2023\/11\/carnaval-1.jpg\" class=\"elementor-animation-grow attachment-full size-full wp-image-220\" alt=\"\" srcset=\"https:\/\/xlife.pt\/wp-content\/uploads\/2023\/11\/carnaval-1.jpg 724w, https:\/\/xlife.pt\/wp-content\/uploads\/2023\/11\/carnaval-1-212x300.jpg 212w\" sizes=\"(max-width: 724px) 100vw, 724px\" \/><\/a><\/figure><div class=\"elementor-image-box-content\"><h4 class=\"elementor-image-box-title\"><a href=\"#\">Corrida de Carnaval<\/a><\/h4><\/div><\/div>\t\t\t\t<\/div>\n\t\t\t\t<\/div>\n\t\t\t\t<div class=\"elementor-element elementor-element-127a6064 elementor-widget__width-initial elementor-widget-mobile__width-inherit elementor-position-top elementor-widget elementor-widget-image-box\" data-id=\"127a6064\" data-element_type=\"widget\" data-widget_type=\"image-box.default\">\n\t\t\t\t<div class=\"elementor-widget-container\">\n\t\t\t\t\t<div class=\"elementor-image-box-wrapper\"><figure class=\"elementor-image-box-img\"><a href=\"#\" tabindex=\"-1\"><img loading=\"lazy\" decoding=\"async\" width=\"1454\" height=\"2048\" src=\"https:\/\/xlife.pt\/wp-content\/uploads\/2023\/11\/trail_s_silvestre-17.jpg\" class=\"elementor-animation-grow attachment-full size-full wp-image-252\" alt=\"\" srcset=\"https:\/\/xlife.pt\/wp-content\/uploads\/2023\/11\/trail_s_silvestre-17.jpg 1454w, https:\/\/xlife.pt\/wp-content\/uploads\/2023\/11\/trail_s_silvestre-17-213x300.jpg 213w, https:\/\/xlife.pt\/wp-content\/uploads\/2023\/11\/trail_s_silvestre-17-727x1024.jpg 727w, https:\/\/xlife.pt\/wp-content\/uploads\/2023\/11\/trail_s_silvestre-17-768x1082.jpg 768w, https:\/\/xlife.pt\/wp-content\/uploads\/2023\/11\/trail_s_silvestre-17-1091x1536.jpg 1091w\" sizes=\"(max-width: 1454px) 100vw, 1454px\" \/><\/a><\/figure><div class=\"elementor-image-box-content\"><h4 class=\"elementor-image-box-title\"><a href=\"#\">Trail<\/a><\/h4><\/div><\/div>\t\t\t\t<\/div>\n\t\t\t\t<\/div>\n\t\t\t\t<\/div>\n\t\t\t\t\t<\/div>\n\t\t\t\t<\/div>\n\t\t\t\t<\/div>\n\t\t","protected":false},"excerpt":{"rendered":"<p>SOBRE N\u00d3S A\u00a0XLIFE EVENTS\u00a0\u00e9 uma marca especializada na produ\u00e7\u00e3o de eventos desportivos e culturais de car\u00e1cter corporate ou abertas ao p\u00fablico em geral, com o objectivo de promover eventos\u00a0 para empresas ou institui\u00e7\u00f5es. Com uma equipa experiente e motivada, procura proporcionar\u00a0 experi\u00eancias de excel\u00eancia a todos os que participam nas suas provas. Estabelece parcerias estrat\u00e9gicas [&hellip;]<\/p>\n","protected":false},"author":1,"featured_media":0,"parent":0,"menu_order":0,"comment_status":"closed","ping_status":"closed","template":"","meta":{"footnotes":""},"class_list":["post-43","page","type-page","status-publish","hentry"],"_links":{"self":[{"href":"https:\/\/xlife.pt\/index.php\/wp-json\/wp\/v2\/pages\/43","targetHints":{"allow":["GET"]}}],"collection":[{"href":"https:\/\/xlife.pt\/index.php\/wp-json\/wp\/v2\/pages"}],"about":[{"href":"https:\/\/xlife.pt\/index.php\/wp-json\/wp\/v2\/types\/page"}],"author":[{"embeddable":true,"href":"https:\/\/xlife.pt\/index.php\/wp-json\/wp\/v2\/users\/1"}],"replies":[{"embeddable":true,"href":"https:\/\/xlife.pt\/index.php\/wp-json\/wp\/v2\/comments?post=43"}],"version-history":[{"count":28,"href":"https:\/\/xlife.pt\/index.php\/wp-json\/wp\/v2\/pages\/43\/revisions"}],"predecessor-version":[{"id":759,"href":"https:\/\/xlife.pt\/index.php\/wp-json\/wp\/v2\/pages\/43\/revisions\/759"}],"wp:attachment":[{"href":"https:\/\/xlife.pt\/index.php\/wp-json\/wp\/v2\/media?parent=43"}],"curies":[{"name":"wp","href":"https:\/\/api.w.org\/{rel}","templated":true}]}}