{"id":74,"date":"2023-11-04T20:02:50","date_gmt":"2023-11-04T20:02:50","guid":{"rendered":"https:\/\/xlifeevents.hdonline.pt\/?page_id=74"},"modified":"2023-11-04T22:06:21","modified_gmt":"2023-11-04T22:06:21","slug":"voluntariado","status":"publish","type":"page","link":"https:\/\/xlife.pt\/index.php\/voluntariado\/","title":{"rendered":"Voluntariado"},"content":{"rendered":"\t\t<div data-elementor-type=\"wp-page\" data-elementor-id=\"74\" class=\"elementor elementor-74\" data-elementor-post-type=\"page\">\n\t\t\t\t<div class=\"elementor-element elementor-element-ea6e79b e-flex e-con-boxed e-con e-parent\" data-id=\"ea6e79b\" data-element_type=\"container\" data-settings=\"{&quot;background_background&quot;:&quot;classic&quot;}\">\n\t\t\t\t\t<div class=\"e-con-inner\">\n\t\t\t\t<div class=\"elementor-element elementor-element-1bf2d420 elementor-widget elementor-widget-heading\" data-id=\"1bf2d420\" data-element_type=\"widget\" data-widget_type=\"heading.default\">\n\t\t\t\t<div class=\"elementor-widget-container\">\n\t\t\t\t\t<h1 class=\"elementor-heading-title elementor-size-default\">Voluntariado<\/h1>\t\t\t\t<\/div>\n\t\t\t\t<\/div>\n\t\t<div class=\"elementor-element elementor-element-6f601008 e-con-full e-flex e-con e-child\" data-id=\"6f601008\" data-element_type=\"container\">\n\t\t\t\t<div class=\"elementor-element elementor-element-10731db7 elementor-widget elementor-widget-heading\" data-id=\"10731db7\" data-element_type=\"widget\" data-widget_type=\"heading.default\">\n\t\t\t\t<div class=\"elementor-widget-container\">\n\t\t\t\t\t<p class=\"elementor-heading-title elementor-size-default\">Saiba Mais<\/p>\t\t\t\t<\/div>\n\t\t\t\t<\/div>\n\t\t\t\t<div class=\"elementor-element elementor-element-4d0292b4 e-transform elementor-view-default elementor-invisible elementor-widget elementor-widget-icon\" data-id=\"4d0292b4\" data-element_type=\"widget\" data-settings=\"{&quot;_animation&quot;:&quot;fadeInDown&quot;,&quot;_transform_scale_effect_hover&quot;:{&quot;unit&quot;:&quot;px&quot;,&quot;size&quot;:&quot;1.1&quot;,&quot;sizes&quot;:[]},&quot;_transform_scale_effect_hover_tablet&quot;:{&quot;unit&quot;:&quot;px&quot;,&quot;size&quot;:&quot;&quot;,&quot;sizes&quot;:[]},&quot;_transform_scale_effect_hover_mobile&quot;:{&quot;unit&quot;:&quot;px&quot;,&quot;size&quot;:&quot;&quot;,&quot;sizes&quot;:[]}}\" data-widget_type=\"icon.default\">\n\t\t\t\t<div class=\"elementor-widget-container\">\n\t\t\t\t\t\t\t<div class=\"elementor-icon-wrapper\">\n\t\t\t<a class=\"elementor-icon\" href=\"#\">\n\t\t\t<svg aria-hidden=\"true\" class=\"e-font-icon-svg e-fas-long-arrow-alt-down\" viewBox=\"0 0 256 512\" xmlns=\"http:\/\/www.w3.org\/2000\/svg\"><path d=\"M168 345.941V44c0-6.627-5.373-12-12-12h-56c-6.627 0-12 5.373-12 12v301.941H41.941c-21.382 0-32.09 25.851-16.971 40.971l86.059 86.059c9.373 9.373 24.569 9.373 33.941 0l86.059-86.059c15.119-15.119 4.411-40.971-16.971-40.971H168z\"><\/path><\/svg>\t\t\t<\/a>\n\t\t<\/div>\n\t\t\t\t\t\t<\/div>\n\t\t\t\t<\/div>\n\t\t\t\t<\/div>\n\t\t\t\t\t<\/div>\n\t\t\t\t<\/div>\n\t\t<div class=\"elementor-element elementor-element-3ae844d e-con-full e-flex e-con e-parent\" data-id=\"3ae844d\" data-element_type=\"container\" data-settings=\"{&quot;background_background&quot;:&quot;classic&quot;}\">\n\t\t\t\t<div class=\"elementor-element elementor-element-29cd0776 elementor-widget elementor-widget-icon-box\" data-id=\"29cd0776\" data-element_type=\"widget\" data-widget_type=\"icon-box.default\">\n\t\t\t\t<div class=\"elementor-widget-container\">\n\t\t\t\t\t\t\t<div class=\"elementor-icon-box-wrapper\">\n\n\t\t\t\n\t\t\t\t\t\t<div class=\"elementor-icon-box-content\">\n\n\t\t\t\t\t\t\t\t\t<h3 class=\"elementor-icon-box-title\">\n\t\t\t\t\t\t<span  >\n\t\t\t\t\t\t\t\"Valorizamos e incentivamos o esp\u00edrito de voluntariado como uma pe\u00e7a fundamental para o sucesso dos nossos  eventos.\"\t\t\t\t\t\t<\/span>\n\t\t\t\t\t<\/h3>\n\t\t\t\t\n\t\t\t\t\t\t\t\t\t<p class=\"elementor-icon-box-description\">\n\t\t\t\t\t\tXlife Events\t\t\t\t\t<\/p>\n\t\t\t\t\n\t\t\t<\/div>\n\t\t\t\n\t\t<\/div>\n\t\t\t\t\t\t<\/div>\n\t\t\t\t<\/div>\n\t\t\t\t<\/div>\n\t\t<div class=\"elementor-element elementor-element-3668746d e-con-full e-flex e-con e-parent\" data-id=\"3668746d\" data-element_type=\"container\" data-settings=\"{&quot;background_background&quot;:&quot;classic&quot;}\">\n\t\t<div class=\"elementor-element elementor-element-5f572df3 e-con-full e-flex e-con e-child\" data-id=\"5f572df3\" data-element_type=\"container\">\n\t\t\t\t<div class=\"elementor-element elementor-element-13d522f5 elementor-widget elementor-widget-text-editor\" data-id=\"13d522f5\" data-element_type=\"widget\" data-widget_type=\"text-editor.default\">\n\t\t\t\t<div class=\"elementor-widget-container\">\n\t\t\t\t\t\t\t\t\t<p style=\"text-align: center;\">O voluntariado \u00e9 uma forma pr\u00e1tica de dar suporte e contribuir para a comunidade desportiva. E \u00e9 por isso que contamos consigo, apaixonado por desporto, para se juntar a n\u00f3s nessa causa.<\/p><p style=\"text-align: center;\">Ser volunt\u00e1rio em eventos desportivos proporciona experi\u00eancias \u00fanicas e enriquecedoras. \u00c9 a oportunidade de mergulhar no mundo do desporto, conhecer atletas de alto desempenho, vivenciar o clima de competi\u00e7\u00e3o e estar nos bastidores das grandes realiza\u00e7\u00f5es.<\/p><p style=\"text-align: center;\">Independentemente da sua forma\u00e7\u00e3o ou idade, h\u00e1 sempre uma fun\u00e7\u00e3o para desempenhar como volunt\u00e1rio. Voc\u00ea pode ajudar no planeamento e organiza\u00e7\u00e3o do evento, rececionar os participantes, auxiliar na log\u00edstica, prestar primeiros socorros, entre muitas outras responsabilidades.<\/p>\t\t\t\t\t\t\t\t<\/div>\n\t\t\t\t<\/div>\n\t\t\t\t<div class=\"elementor-element elementor-element-5eb3c53a elementor-widget elementor-widget-image\" data-id=\"5eb3c53a\" data-element_type=\"widget\" data-widget_type=\"image.default\">\n\t\t\t\t<div class=\"elementor-widget-container\">\n\t\t\t\t\t\t\t\t\t\t\t\t\t\t\t<img fetchpriority=\"high\" decoding=\"async\" width=\"800\" height=\"563\" src=\"https:\/\/xlife.pt\/wp-content\/uploads\/2023\/11\/voluntarios-1-resized_ziped-1024x721.jpg\" class=\"attachment-large size-large wp-image-86\" alt=\"\" srcset=\"https:\/\/xlife.pt\/wp-content\/uploads\/2023\/11\/voluntarios-1-resized_ziped-1024x721.jpg 1024w, https:\/\/xlife.pt\/wp-content\/uploads\/2023\/11\/voluntarios-1-resized_ziped-300x211.jpg 300w, https:\/\/xlife.pt\/wp-content\/uploads\/2023\/11\/voluntarios-1-resized_ziped-768x540.jpg 768w, https:\/\/xlife.pt\/wp-content\/uploads\/2023\/11\/voluntarios-1-resized_ziped.jpg 1225w\" sizes=\"(max-width: 800px) 100vw, 800px\" \/>\t\t\t\t\t\t\t\t\t\t\t\t\t\t\t<\/div>\n\t\t\t\t<\/div>\n\t\t\t\t<\/div>\n\t\t<div class=\"elementor-element elementor-element-33b2d107 e-con-full e-flex e-con e-child\" data-id=\"33b2d107\" data-element_type=\"container\" data-settings=\"{&quot;background_background&quot;:&quot;classic&quot;}\">\n\t\t\t\t<\/div>\n\t\t\t\t<\/div>\n\t\t<div class=\"elementor-element elementor-element-a00a6c5 e-flex e-con-boxed e-con e-parent\" data-id=\"a00a6c5\" data-element_type=\"container\" data-settings=\"{&quot;background_background&quot;:&quot;classic&quot;}\">\n\t\t\t\t\t<div class=\"e-con-inner\">\n\t\t\t\t<div class=\"elementor-element elementor-element-ed24246 elementor-align-center elementor-widget elementor-widget-button\" data-id=\"ed24246\" data-element_type=\"widget\" data-widget_type=\"button.default\">\n\t\t\t\t<div class=\"elementor-widget-container\">\n\t\t\t\t\t\t\t\t\t<div class=\"elementor-button-wrapper\">\n\t\t\t\t\t<a class=\"elementor-button elementor-button-link elementor-size-xl\" href=\"https:\/\/xlife.pt\/index.php\/contatos\/\">\n\t\t\t\t\t\t<span class=\"elementor-button-content-wrapper\">\n\t\t\t\t\t\t\t\t\t<span class=\"elementor-button-text\">FALA CONNOSCO<\/span>\n\t\t\t\t\t<\/span>\n\t\t\t\t\t<\/a>\n\t\t\t\t<\/div>\n\t\t\t\t\t\t\t\t<\/div>\n\t\t\t\t<\/div>\n\t\t\t\t\t<\/div>\n\t\t\t\t<\/div>\n\t\t\t\t<\/div>\n\t\t","protected":false},"excerpt":{"rendered":"<p>Voluntariado Saiba Mais &#8220;Valorizamos e incentivamos o esp\u00edrito de voluntariado como uma pe\u00e7a fundamental para o sucesso dos nossos eventos.&#8221; Xlife Events O voluntariado \u00e9 uma forma pr\u00e1tica de dar suporte e contribuir para a comunidade desportiva. E \u00e9 por isso que contamos consigo, apaixonado por desporto, para se juntar a n\u00f3s nessa causa. Ser [&hellip;]<\/p>\n","protected":false},"author":1,"featured_media":0,"parent":0,"menu_order":0,"comment_status":"closed","ping_status":"closed","template":"","meta":{"footnotes":""},"class_list":["post-74","page","type-page","status-publish","hentry"],"_links":{"self":[{"href":"https:\/\/xlife.pt\/index.php\/wp-json\/wp\/v2\/pages\/74","targetHints":{"allow":["GET"]}}],"collection":[{"href":"https:\/\/xlife.pt\/index.php\/wp-json\/wp\/v2\/pages"}],"about":[{"href":"https:\/\/xlife.pt\/index.php\/wp-json\/wp\/v2\/types\/page"}],"author":[{"embeddable":true,"href":"https:\/\/xlife.pt\/index.php\/wp-json\/wp\/v2\/users\/1"}],"replies":[{"embeddable":true,"href":"https:\/\/xlife.pt\/index.php\/wp-json\/wp\/v2\/comments?post=74"}],"version-history":[{"count":10,"href":"https:\/\/xlife.pt\/index.php\/wp-json\/wp\/v2\/pages\/74\/revisions"}],"predecessor-version":[{"id":283,"href":"https:\/\/xlife.pt\/index.php\/wp-json\/wp\/v2\/pages\/74\/revisions\/283"}],"wp:attachment":[{"href":"https:\/\/xlife.pt\/index.php\/wp-json\/wp\/v2\/media?parent=74"}],"curies":[{"name":"wp","href":"https:\/\/api.w.org\/{rel}","templated":true}]}}