{"id":8,"date":"2023-11-04T17:53:06","date_gmt":"2023-11-04T17:53:06","guid":{"rendered":"https:\/\/xlifeevents.hdonline.pt\/?page_id=8"},"modified":"2026-02-24T10:10:02","modified_gmt":"2026-02-24T10:10:02","slug":"elementor-8","status":"publish","type":"page","link":"https:\/\/xlife.pt\/","title":{"rendered":"Home"},"content":{"rendered":"\t\t<div data-elementor-type=\"wp-post\" data-elementor-id=\"8\" class=\"elementor elementor-8\" data-elementor-post-type=\"page\">\n\t\t\t\t<div class=\"elementor-element elementor-element-e7e4175 e-flex e-con-boxed e-con e-parent\" data-id=\"e7e4175\" data-element_type=\"container\" data-settings=\"{&quot;background_background&quot;:&quot;classic&quot;}\">\n\t\t\t\t\t<div class=\"e-con-inner\">\n\t\t\t\t<div class=\"elementor-element elementor-element-13e7e559 elementor-widget elementor-widget-heading\" data-id=\"13e7e559\" data-element_type=\"widget\" data-widget_type=\"heading.default\">\n\t\t\t\t<div class=\"elementor-widget-container\">\n\t\t\t\t\t<h2 class=\"elementor-heading-title elementor-size-default\">Acredita em ti!<\/h2>\t\t\t\t<\/div>\n\t\t\t\t<\/div>\n\t\t\t\t<div class=\"elementor-element elementor-element-6950c6b7 elementor-widget elementor-widget-heading\" data-id=\"6950c6b7\" data-element_type=\"widget\" data-widget_type=\"heading.default\">\n\t\t\t\t<div class=\"elementor-widget-container\">\n\t\t\t\t\t<h1 class=\"elementor-heading-title elementor-size-default\">Be the Best<BR>\nYou Can Be<\/h1>\t\t\t\t<\/div>\n\t\t\t\t<\/div>\n\t\t\t\t\t<\/div>\n\t\t\t\t<\/div>\n\t\t<div class=\"elementor-element elementor-element-f1bb7d0 e-flex e-con-boxed e-con e-parent\" data-id=\"f1bb7d0\" data-element_type=\"container\">\n\t\t\t\t\t<div class=\"e-con-inner\">\n\t\t<div class=\"elementor-element elementor-element-3129a50 e-flex e-con-boxed e-con e-child\" data-id=\"3129a50\" data-element_type=\"container\">\n\t\t\t\t\t<div class=\"e-con-inner\">\n\t\t\t\t<div class=\"elementor-element elementor-element-99dd8c2 elementor-widget elementor-widget-heading\" data-id=\"99dd8c2\" data-element_type=\"widget\" data-widget_type=\"heading.default\">\n\t\t\t\t<div class=\"elementor-widget-container\">\n\t\t\t\t\t<h3 class=\"elementor-heading-title elementor-size-default\">Pr\u00f3ximos Eventos<\/h3>\t\t\t\t<\/div>\n\t\t\t\t<\/div>\n\t\t\t\t\t<\/div>\n\t\t\t\t<\/div>\n\t\t<div class=\"elementor-element elementor-element-2859e70 e-con-full elementor-hidden-desktop elementor-hidden-tablet elementor-hidden-mobile e-flex e-con e-child\" data-id=\"2859e70\" data-element_type=\"container\">\n\t\t\t\t<div class=\"elementor-element elementor-element-bd3786f elementor-widget__width-initial elementor-widget-mobile__width-inherit elementor-position-top elementor-widget elementor-widget-image-box\" data-id=\"bd3786f\" data-element_type=\"widget\" data-widget_type=\"image-box.default\">\n\t\t\t\t<div class=\"elementor-widget-container\">\n\t\t\t\t\t<div class=\"elementor-image-box-wrapper\"><figure class=\"elementor-image-box-img\"><img fetchpriority=\"high\" decoding=\"async\" width=\"1080\" height=\"1080\" src=\"https:\/\/xlife.pt\/wp-content\/uploads\/2025\/07\/jornada-de-montanha-2025_1080.jpg\" class=\"elementor-animation-grow attachment-full size-full wp-image-825\" alt=\"\" srcset=\"https:\/\/xlife.pt\/wp-content\/uploads\/2025\/07\/jornada-de-montanha-2025_1080.jpg 1080w, https:\/\/xlife.pt\/wp-content\/uploads\/2025\/07\/jornada-de-montanha-2025_1080-300x300.jpg 300w, https:\/\/xlife.pt\/wp-content\/uploads\/2025\/07\/jornada-de-montanha-2025_1080-1024x1024.jpg 1024w, https:\/\/xlife.pt\/wp-content\/uploads\/2025\/07\/jornada-de-montanha-2025_1080-150x150.jpg 150w, https:\/\/xlife.pt\/wp-content\/uploads\/2025\/07\/jornada-de-montanha-2025_1080-768x768.jpg 768w\" sizes=\"(max-width: 1080px) 100vw, 1080px\" \/><\/figure><div class=\"elementor-image-box-content\"><h4 class=\"elementor-image-box-title\">I JORNADAS DE MONTANHA<\/h4><p class=\"elementor-image-box-description\">20 de Julho 2025<\/p><\/div><\/div>\t\t\t\t<\/div>\n\t\t\t\t<\/div>\n\t\t\t\t<div class=\"elementor-element elementor-element-ef0c7bf elementor-align-center elementor-hidden-desktop elementor-hidden-tablet elementor-widget elementor-widget-button\" data-id=\"ef0c7bf\" data-element_type=\"widget\" data-widget_type=\"button.default\">\n\t\t\t\t<div class=\"elementor-widget-container\">\n\t\t\t\t\t\t\t\t\t<div class=\"elementor-button-wrapper\">\n\t\t\t\t\t<a class=\"elementor-button elementor-button-link elementor-size-xl\" href=\"https:\/\/sinctime.com\/conta\/entrar?ReturnUrl=%2Fevento%2F383%2Finscricao\" target=\"_blank\">\n\t\t\t\t\t\t<span class=\"elementor-button-content-wrapper\">\n\t\t\t\t\t\t\t\t\t<span class=\"elementor-button-text\">INSCRI\u00c7\u00d5ES<\/span>\n\t\t\t\t\t<\/span>\n\t\t\t\t\t<\/a>\n\t\t\t\t<\/div>\n\t\t\t\t\t\t\t\t<\/div>\n\t\t\t\t<\/div>\n\t\t\t\t<div class=\"elementor-element elementor-element-81c68ba elementor-widget__width-initial elementor-widget-mobile__width-inherit elementor-position-top elementor-widget elementor-widget-image-box\" data-id=\"81c68ba\" data-element_type=\"widget\" data-widget_type=\"image-box.default\">\n\t\t\t\t<div class=\"elementor-widget-container\">\n\t\t\t\t\t<div class=\"elementor-image-box-wrapper\"><figure class=\"elementor-image-box-img\"><img decoding=\"async\" width=\"1080\" height=\"1080\" src=\"https:\/\/xlife.pt\/wp-content\/uploads\/2025\/03\/leiria-novo_11zon.jpg\" class=\"elementor-animation-grow attachment-full size-full wp-image-805\" alt=\"\" srcset=\"https:\/\/xlife.pt\/wp-content\/uploads\/2025\/03\/leiria-novo_11zon.jpg 1080w, https:\/\/xlife.pt\/wp-content\/uploads\/2025\/03\/leiria-novo_11zon-300x300.jpg 300w, https:\/\/xlife.pt\/wp-content\/uploads\/2025\/03\/leiria-novo_11zon-1024x1024.jpg 1024w, https:\/\/xlife.pt\/wp-content\/uploads\/2025\/03\/leiria-novo_11zon-150x150.jpg 150w, https:\/\/xlife.pt\/wp-content\/uploads\/2025\/03\/leiria-novo_11zon-768x768.jpg 768w\" sizes=\"(max-width: 1080px) 100vw, 1080px\" \/><\/figure><div class=\"elementor-image-box-content\"><h4 class=\"elementor-image-box-title\">HYBRID Day Leiria<br>by Crossfit Leiria, Crossfit Viana do Castelo &amp; Xlife<\/h4><p class=\"elementor-image-box-description\">26 e 27 de Julho 2025<\/p><\/div><\/div>\t\t\t\t<\/div>\n\t\t\t\t<\/div>\n\t\t\t\t<div class=\"elementor-element elementor-element-669d2b0 elementor-align-center elementor-hidden-desktop elementor-hidden-tablet elementor-widget elementor-widget-button\" data-id=\"669d2b0\" data-element_type=\"widget\" data-widget_type=\"button.default\">\n\t\t\t\t<div class=\"elementor-widget-container\">\n\t\t\t\t\t\t\t\t\t<div class=\"elementor-button-wrapper\">\n\t\t\t\t\t<a class=\"elementor-button elementor-button-link elementor-size-xl\" href=\"https:\/\/www.tickettailor.com\/events\/hybridday\/1633026\" target=\"_blank\">\n\t\t\t\t\t\t<span class=\"elementor-button-content-wrapper\">\n\t\t\t\t\t\t\t\t\t<span class=\"elementor-button-text\">INSCRI\u00c7\u00d5ES<\/span>\n\t\t\t\t\t<\/span>\n\t\t\t\t\t<\/a>\n\t\t\t\t<\/div>\n\t\t\t\t\t\t\t\t<\/div>\n\t\t\t\t<\/div>\n\t\t\t\t<\/div>\n\t\t<div class=\"elementor-element elementor-element-a6be8e5 e-con-full elementor-hidden-mobile elementor-hidden-desktop elementor-hidden-tablet e-flex e-con e-child\" data-id=\"a6be8e5\" data-element_type=\"container\">\n\t\t\t\t<div class=\"elementor-element elementor-element-0d69fd3 elementor-align-center elementor-widget elementor-widget-button\" data-id=\"0d69fd3\" data-element_type=\"widget\" data-widget_type=\"button.default\">\n\t\t\t\t<div class=\"elementor-widget-container\">\n\t\t\t\t\t\t\t\t\t<div class=\"elementor-button-wrapper\">\n\t\t\t\t\t<a class=\"elementor-button elementor-button-link elementor-size-xl\" href=\"https:\/\/sinctime.com\/conta\/entrar?ReturnUrl=%2Fevento%2F383%2Finscricao\" target=\"_blank\">\n\t\t\t\t\t\t<span class=\"elementor-button-content-wrapper\">\n\t\t\t\t\t\t\t\t\t<span class=\"elementor-button-text\">INSCRI\u00c7\u00d5ES<\/span>\n\t\t\t\t\t<\/span>\n\t\t\t\t\t<\/a>\n\t\t\t\t<\/div>\n\t\t\t\t\t\t\t\t<\/div>\n\t\t\t\t<\/div>\n\t\t\t\t<div class=\"elementor-element elementor-element-7d03d66 elementor-align-center elementor-widget elementor-widget-button\" data-id=\"7d03d66\" data-element_type=\"widget\" data-widget_type=\"button.default\">\n\t\t\t\t<div class=\"elementor-widget-container\">\n\t\t\t\t\t\t\t\t\t<div class=\"elementor-button-wrapper\">\n\t\t\t\t\t<a class=\"elementor-button elementor-button-link elementor-size-xl\" href=\"https:\/\/www.tickettailor.com\/events\/hybridday\/1633026\" target=\"_blank\">\n\t\t\t\t\t\t<span class=\"elementor-button-content-wrapper\">\n\t\t\t\t\t\t\t\t\t<span class=\"elementor-button-text\">INSCRI\u00c7\u00d5ES<\/span>\n\t\t\t\t\t<\/span>\n\t\t\t\t\t<\/a>\n\t\t\t\t<\/div>\n\t\t\t\t\t\t\t\t<\/div>\n\t\t\t\t<\/div>\n\t\t\t\t<\/div>\n\t\t<div class=\"elementor-element elementor-element-f59db90 e-con-full e-flex e-con e-child\" data-id=\"f59db90\" data-element_type=\"container\">\n\t\t\t\t<div class=\"elementor-element elementor-element-990879c elementor-widget__width-initial elementor-widget-mobile__width-inherit elementor-position-top elementor-widget elementor-widget-image-box\" data-id=\"990879c\" data-element_type=\"widget\" data-widget_type=\"image-box.default\">\n\t\t\t\t<div class=\"elementor-widget-container\">\n\t\t\t\t\t<div class=\"elementor-image-box-wrapper\"><figure class=\"elementor-image-box-img\"><img decoding=\"async\" width=\"1200\" height=\"1500\" src=\"https:\/\/xlife.pt\/wp-content\/uploads\/2026\/01\/logo-hybrid-vertical.jpg\" class=\"elementor-animation-grow attachment-full size-full wp-image-940\" alt=\"\" srcset=\"https:\/\/xlife.pt\/wp-content\/uploads\/2026\/01\/logo-hybrid-vertical.jpg 1200w, https:\/\/xlife.pt\/wp-content\/uploads\/2026\/01\/logo-hybrid-vertical-240x300.jpg 240w, https:\/\/xlife.pt\/wp-content\/uploads\/2026\/01\/logo-hybrid-vertical-819x1024.jpg 819w, https:\/\/xlife.pt\/wp-content\/uploads\/2026\/01\/logo-hybrid-vertical-768x960.jpg 768w\" sizes=\"(max-width: 1200px) 100vw, 1200px\" \/><\/figure><div class=\"elementor-image-box-content\"><h4 class=\"elementor-image-box-title\">HYBRID Day<br>2026<\/h4><\/div><\/div>\t\t\t\t<\/div>\n\t\t\t\t<\/div>\n\t\t\t\t<div class=\"elementor-element elementor-element-86c1764 elementor-align-center elementor-hidden-desktop elementor-hidden-tablet elementor-widget elementor-widget-button\" data-id=\"86c1764\" data-element_type=\"widget\" data-widget_type=\"button.default\">\n\t\t\t\t<div class=\"elementor-widget-container\">\n\t\t\t\t\t\t\t\t\t<div class=\"elementor-button-wrapper\">\n\t\t\t\t\t<a class=\"elementor-button elementor-button-link elementor-size-xl\" href=\"https:\/\/www.tickettailor.com\/events\/hybridday\" target=\"_blank\">\n\t\t\t\t\t\t<span class=\"elementor-button-content-wrapper\">\n\t\t\t\t\t\t\t\t\t<span class=\"elementor-button-text\">INSCRI\u00c7\u00d5ES<\/span>\n\t\t\t\t\t<\/span>\n\t\t\t\t\t<\/a>\n\t\t\t\t<\/div>\n\t\t\t\t\t\t\t\t<\/div>\n\t\t\t\t<\/div>\n\t\t\t\t<div class=\"elementor-element elementor-element-9657f0f elementor-widget__width-initial elementor-widget-mobile__width-inherit elementor-position-top elementor-widget elementor-widget-image-box\" data-id=\"9657f0f\" data-element_type=\"widget\" data-widget_type=\"image-box.default\">\n\t\t\t\t<div class=\"elementor-widget-container\">\n\t\t\t\t\t<div class=\"elementor-image-box-wrapper\"><figure class=\"elementor-image-box-img\"><img loading=\"lazy\" decoding=\"async\" width=\"2048\" height=\"2560\" src=\"https:\/\/xlife.pt\/wp-content\/uploads\/2026\/01\/9o-duatlo.jpeg\" class=\"elementor-animation-grow attachment-full size-full wp-image-927\" alt=\"\" srcset=\"https:\/\/xlife.pt\/wp-content\/uploads\/2026\/01\/9o-duatlo.jpeg 2048w, https:\/\/xlife.pt\/wp-content\/uploads\/2026\/01\/9o-duatlo-240x300.jpeg 240w, https:\/\/xlife.pt\/wp-content\/uploads\/2026\/01\/9o-duatlo-819x1024.jpeg 819w, https:\/\/xlife.pt\/wp-content\/uploads\/2026\/01\/9o-duatlo-768x960.jpeg 768w, https:\/\/xlife.pt\/wp-content\/uploads\/2026\/01\/9o-duatlo-1229x1536.jpeg 1229w, https:\/\/xlife.pt\/wp-content\/uploads\/2026\/01\/9o-duatlo-1638x2048.jpeg 1638w\" sizes=\"(max-width: 2048px) 100vw, 2048px\" \/><\/figure><div class=\"elementor-image-box-content\"><h4 class=\"elementor-image-box-title\">9\u00ba DUATLO <br>Viana do Castelo<\/h4><p class=\"elementor-image-box-description\">29 de Mar\u00e7o de 2026\n<p>5km + 20km + 2,5km<\/p><\/div><\/div>\t\t\t\t<\/div>\n\t\t\t\t<\/div>\n\t\t\t\t<div class=\"elementor-element elementor-element-764bf7f elementor-align-center elementor-hidden-desktop elementor-hidden-tablet elementor-widget elementor-widget-button\" data-id=\"764bf7f\" data-element_type=\"widget\" data-widget_type=\"button.default\">\n\t\t\t\t<div class=\"elementor-widget-container\">\n\t\t\t\t\t\t\t\t\t<div class=\"elementor-button-wrapper\">\n\t\t\t\t\t<a class=\"elementor-button elementor-button-link elementor-size-xl\" href=\"https:\/\/www.sinctime.com\/evento\/437\" target=\"_blank\">\n\t\t\t\t\t\t<span class=\"elementor-button-content-wrapper\">\n\t\t\t\t\t\t\t\t\t<span class=\"elementor-button-text\">INSCRI\u00c7\u00d5ES<\/span>\n\t\t\t\t\t<\/span>\n\t\t\t\t\t<\/a>\n\t\t\t\t<\/div>\n\t\t\t\t\t\t\t\t<\/div>\n\t\t\t\t<\/div>\n\t\t\t\t<div class=\"elementor-element elementor-element-6208723 elementor-widget__width-initial elementor-widget-mobile__width-inherit elementor-position-top elementor-widget elementor-widget-image-box\" data-id=\"6208723\" data-element_type=\"widget\" data-widget_type=\"image-box.default\">\n\t\t\t\t<div class=\"elementor-widget-container\">\n\t\t\t\t\t<div class=\"elementor-image-box-wrapper\"><figure class=\"elementor-image-box-img\"><img loading=\"lazy\" decoding=\"async\" width=\"1280\" height=\"1600\" src=\"https:\/\/xlife.pt\/wp-content\/uploads\/2026\/02\/6o-triatlo.jpeg\" class=\"elementor-animation-grow attachment-full size-full wp-image-949\" alt=\"\" srcset=\"https:\/\/xlife.pt\/wp-content\/uploads\/2026\/02\/6o-triatlo.jpeg 1280w, https:\/\/xlife.pt\/wp-content\/uploads\/2026\/02\/6o-triatlo-240x300.jpeg 240w, https:\/\/xlife.pt\/wp-content\/uploads\/2026\/02\/6o-triatlo-819x1024.jpeg 819w, https:\/\/xlife.pt\/wp-content\/uploads\/2026\/02\/6o-triatlo-768x960.jpeg 768w, https:\/\/xlife.pt\/wp-content\/uploads\/2026\/02\/6o-triatlo-1229x1536.jpeg 1229w\" sizes=\"(max-width: 1280px) 100vw, 1280px\" \/><\/figure><div class=\"elementor-image-box-content\"><h4 class=\"elementor-image-box-title\">6\u00ba TRIATLO <br>Viana do Castelo<\/h4><p class=\"elementor-image-box-description\">5 de Julho de 2026\n<p>1500m + 40km + 10km<\/p><\/div><\/div>\t\t\t\t<\/div>\n\t\t\t\t<\/div>\n\t\t\t\t<div class=\"elementor-element elementor-element-29ddf70 elementor-align-center elementor-hidden-desktop elementor-hidden-tablet elementor-widget elementor-widget-button\" data-id=\"29ddf70\" data-element_type=\"widget\" data-widget_type=\"button.default\">\n\t\t\t\t<div class=\"elementor-widget-container\">\n\t\t\t\t\t\t\t\t\t<div class=\"elementor-button-wrapper\">\n\t\t\t\t\t<a class=\"elementor-button elementor-button-link elementor-size-xl\" href=\"https:\/\/sinctime.com\/evento\/457\" target=\"_blank\">\n\t\t\t\t\t\t<span class=\"elementor-button-content-wrapper\">\n\t\t\t\t\t\t\t\t\t<span class=\"elementor-button-text\">INSCRI\u00c7\u00d5ES<\/span>\n\t\t\t\t\t<\/span>\n\t\t\t\t\t<\/a>\n\t\t\t\t<\/div>\n\t\t\t\t\t\t\t\t<\/div>\n\t\t\t\t<\/div>\n\t\t\t\t<\/div>\n\t\t<div class=\"elementor-element elementor-element-902bba0 e-con-full elementor-hidden-mobile e-flex e-con e-child\" data-id=\"902bba0\" data-element_type=\"container\">\n\t\t\t\t<div class=\"elementor-element elementor-element-f781918 elementor-align-center elementor-widget elementor-widget-button\" data-id=\"f781918\" data-element_type=\"widget\" data-widget_type=\"button.default\">\n\t\t\t\t<div class=\"elementor-widget-container\">\n\t\t\t\t\t\t\t\t\t<div class=\"elementor-button-wrapper\">\n\t\t\t\t\t<a class=\"elementor-button elementor-button-link elementor-size-xl\" href=\"https:\/\/www.tickettailor.com\/events\/hybridday\" target=\"_blank\">\n\t\t\t\t\t\t<span class=\"elementor-button-content-wrapper\">\n\t\t\t\t\t\t\t\t\t<span class=\"elementor-button-text\">INSCRI\u00c7\u00d5ES<\/span>\n\t\t\t\t\t<\/span>\n\t\t\t\t\t<\/a>\n\t\t\t\t<\/div>\n\t\t\t\t\t\t\t\t<\/div>\n\t\t\t\t<\/div>\n\t\t\t\t<div class=\"elementor-element elementor-element-39b6334 elementor-align-center elementor-widget elementor-widget-button\" data-id=\"39b6334\" data-element_type=\"widget\" data-widget_type=\"button.default\">\n\t\t\t\t<div class=\"elementor-widget-container\">\n\t\t\t\t\t\t\t\t\t<div class=\"elementor-button-wrapper\">\n\t\t\t\t\t<a class=\"elementor-button elementor-button-link elementor-size-xl\" href=\"https:\/\/www.sinctime.com\/evento\/437\" target=\"_blank\">\n\t\t\t\t\t\t<span class=\"elementor-button-content-wrapper\">\n\t\t\t\t\t\t\t\t\t<span class=\"elementor-button-text\">INSCRI\u00c7\u00d5ES<\/span>\n\t\t\t\t\t<\/span>\n\t\t\t\t\t<\/a>\n\t\t\t\t<\/div>\n\t\t\t\t\t\t\t\t<\/div>\n\t\t\t\t<\/div>\n\t\t\t\t<div class=\"elementor-element elementor-element-4f2964f elementor-align-center elementor-widget elementor-widget-button\" data-id=\"4f2964f\" data-element_type=\"widget\" data-widget_type=\"button.default\">\n\t\t\t\t<div class=\"elementor-widget-container\">\n\t\t\t\t\t\t\t\t\t<div class=\"elementor-button-wrapper\">\n\t\t\t\t\t<a class=\"elementor-button elementor-button-link elementor-size-xl\" href=\"https:\/\/sinctime.com\/evento\/457\" target=\"_blank\">\n\t\t\t\t\t\t<span class=\"elementor-button-content-wrapper\">\n\t\t\t\t\t\t\t\t\t<span class=\"elementor-button-text\">INSCRI\u00c7\u00d5ES<\/span>\n\t\t\t\t\t<\/span>\n\t\t\t\t\t<\/a>\n\t\t\t\t<\/div>\n\t\t\t\t\t\t\t\t<\/div>\n\t\t\t\t<\/div>\n\t\t\t\t<\/div>\n\t\t<div class=\"elementor-element elementor-element-1f066e2 e-con-full elementor-hidden-desktop elementor-hidden-tablet elementor-hidden-mobile e-flex e-con e-child\" data-id=\"1f066e2\" data-element_type=\"container\">\n\t\t\t\t<div class=\"elementor-element elementor-element-c459853 elementor-widget__width-initial elementor-widget-mobile__width-inherit elementor-position-top elementor-widget elementor-widget-image-box\" data-id=\"c459853\" data-element_type=\"widget\" data-widget_type=\"image-box.default\">\n\t\t\t\t<div class=\"elementor-widget-container\">\n\t\t\t\t\t<div class=\"elementor-image-box-wrapper\"><figure class=\"elementor-image-box-img\"><img loading=\"lazy\" decoding=\"async\" width=\"1824\" height=\"2560\" src=\"https:\/\/xlife.pt\/wp-content\/uploads\/2025\/10\/ssilvestre-2025-kids_11zon.jpg\" class=\"elementor-animation-grow attachment-full size-full wp-image-874\" alt=\"\" srcset=\"https:\/\/xlife.pt\/wp-content\/uploads\/2025\/10\/ssilvestre-2025-kids_11zon.jpg 1824w, https:\/\/xlife.pt\/wp-content\/uploads\/2025\/10\/ssilvestre-2025-kids_11zon-214x300.jpg 214w, https:\/\/xlife.pt\/wp-content\/uploads\/2025\/10\/ssilvestre-2025-kids_11zon-730x1024.jpg 730w, https:\/\/xlife.pt\/wp-content\/uploads\/2025\/10\/ssilvestre-2025-kids_11zon-768x1078.jpg 768w, https:\/\/xlife.pt\/wp-content\/uploads\/2025\/10\/ssilvestre-2025-kids_11zon-1094x1536.jpg 1094w, https:\/\/xlife.pt\/wp-content\/uploads\/2025\/10\/ssilvestre-2025-kids_11zon-1459x2048.jpg 1459w\" sizes=\"(max-width: 1824px) 100vw, 1824px\" \/><\/figure><div class=\"elementor-image-box-content\"><h4 class=\"elementor-image-box-title\">S. SILVESTRE 2025<br>Viana do Castelo<br>CLS BRANDS<\/h4><p class=\"elementor-image-box-description\">Xlife Eventos\n<p>27 de Dezembro 2025<\/p><\/div><\/div>\t\t\t\t<\/div>\n\t\t\t\t<\/div>\n\t\t\t\t<div class=\"elementor-element elementor-element-85eb4ab elementor-align-center elementor-hidden-desktop elementor-hidden-tablet elementor-widget elementor-widget-button\" data-id=\"85eb4ab\" data-element_type=\"widget\" data-widget_type=\"button.default\">\n\t\t\t\t<div class=\"elementor-widget-container\">\n\t\t\t\t\t\t\t\t\t<div class=\"elementor-button-wrapper\">\n\t\t\t\t\t<a class=\"elementor-button elementor-button-link elementor-size-xl\" href=\"https:\/\/sinctime.com\/evento\/413\" target=\"_blank\">\n\t\t\t\t\t\t<span class=\"elementor-button-content-wrapper\">\n\t\t\t\t\t\t\t\t\t<span class=\"elementor-button-text\">INSCRI\u00c7\u00d5ES<\/span>\n\t\t\t\t\t<\/span>\n\t\t\t\t\t<\/a>\n\t\t\t\t<\/div>\n\t\t\t\t\t\t\t\t<\/div>\n\t\t\t\t<\/div>\n\t\t\t\t<\/div>\n\t\t<div class=\"elementor-element elementor-element-4c75232 e-con-full elementor-hidden-mobile elementor-hidden-desktop elementor-hidden-tablet e-flex e-con e-child\" data-id=\"4c75232\" data-element_type=\"container\">\n\t\t\t\t<div class=\"elementor-element elementor-element-d57bb55 elementor-align-center elementor-widget elementor-widget-button\" data-id=\"d57bb55\" data-element_type=\"widget\" data-widget_type=\"button.default\">\n\t\t\t\t<div class=\"elementor-widget-container\">\n\t\t\t\t\t\t\t\t\t<div class=\"elementor-button-wrapper\">\n\t\t\t\t\t<a class=\"elementor-button elementor-button-link elementor-size-xl\" href=\"https:\/\/sinctime.com\/evento\/413\" target=\"_blank\">\n\t\t\t\t\t\t<span class=\"elementor-button-content-wrapper\">\n\t\t\t\t\t\t\t\t\t<span class=\"elementor-button-text\">INSCRI\u00c7\u00d5ES<\/span>\n\t\t\t\t\t<\/span>\n\t\t\t\t\t<\/a>\n\t\t\t\t<\/div>\n\t\t\t\t\t\t\t\t<\/div>\n\t\t\t\t<\/div>\n\t\t\t\t<\/div>\n\t\t\t\t\t<\/div>\n\t\t\t\t<\/div>\n\t\t<div class=\"elementor-element elementor-element-42fd2003 e-con-full e-flex e-con e-parent\" data-id=\"42fd2003\" data-element_type=\"container\">\n\t\t<div class=\"elementor-element elementor-element-38f9d2ef e-con-full e-flex e-con e-child\" data-id=\"38f9d2ef\" data-element_type=\"container\" data-settings=\"{&quot;background_background&quot;:&quot;classic&quot;}\">\n\t\t\t\t<div class=\"elementor-element elementor-element-631b8c58 elementor-align-center elementor-widget elementor-widget-button\" data-id=\"631b8c58\" data-element_type=\"widget\" data-widget_type=\"button.default\">\n\t\t\t\t<div class=\"elementor-widget-container\">\n\t\t\t\t\t\t\t\t\t<div class=\"elementor-button-wrapper\">\n\t\t\t\t\t<a class=\"elementor-button elementor-button-link elementor-size-lg\" href=\"https:\/\/xlife.pt\/index.php\/portefolio\/\">\n\t\t\t\t\t\t<span class=\"elementor-button-content-wrapper\">\n\t\t\t\t\t\t\t\t\t<span class=\"elementor-button-text\">PORTEF\u00d3LIO<\/span>\n\t\t\t\t\t<\/span>\n\t\t\t\t\t<\/a>\n\t\t\t\t<\/div>\n\t\t\t\t\t\t\t\t<\/div>\n\t\t\t\t<\/div>\n\t\t\t\t<\/div>\n\t\t\t\t<\/div>\n\t\t<div class=\"elementor-element elementor-element-3a7e7b39 e-con-full e-flex e-con e-parent\" data-id=\"3a7e7b39\" data-element_type=\"container\">\n\t\t<div class=\"elementor-element elementor-element-685b398f e-con-full e-flex e-con e-child\" data-id=\"685b398f\" data-element_type=\"container\" data-settings=\"{&quot;background_background&quot;:&quot;classic&quot;}\">\n\t\t\t\t<div class=\"elementor-element elementor-element-7a6395b6 elementor-align-center elementor-widget elementor-widget-button\" data-id=\"7a6395b6\" data-element_type=\"widget\" data-widget_type=\"button.default\">\n\t\t\t\t<div class=\"elementor-widget-container\">\n\t\t\t\t\t\t\t\t\t<div class=\"elementor-button-wrapper\">\n\t\t\t\t\t<a class=\"elementor-button elementor-button-link elementor-size-lg\" href=\"https:\/\/xlife.pt\/index.php\/voluntariado\/\">\n\t\t\t\t\t\t<span class=\"elementor-button-content-wrapper\">\n\t\t\t\t\t\t\t\t\t<span class=\"elementor-button-text\">VOLUNTARIADO<\/span>\n\t\t\t\t\t<\/span>\n\t\t\t\t\t<\/a>\n\t\t\t\t<\/div>\n\t\t\t\t\t\t\t\t<\/div>\n\t\t\t\t<\/div>\n\t\t\t\t<\/div>\n\t\t\t\t<\/div>\n\t\t<div class=\"elementor-element elementor-element-582b5bbc e-con-full e-flex e-con e-parent\" data-id=\"582b5bbc\" data-element_type=\"container\">\n\t\t<div class=\"elementor-element elementor-element-4d8656a e-con-full e-flex e-con e-child\" data-id=\"4d8656a\" data-element_type=\"container\" data-settings=\"{&quot;background_background&quot;:&quot;classic&quot;}\">\n\t\t\t\t<div class=\"elementor-element elementor-element-1ccff9f2 elementor-align-center elementor-widget elementor-widget-button\" data-id=\"1ccff9f2\" data-element_type=\"widget\" data-widget_type=\"button.default\">\n\t\t\t\t<div class=\"elementor-widget-container\">\n\t\t\t\t\t\t\t\t\t<div class=\"elementor-button-wrapper\">\n\t\t\t\t\t<a class=\"elementor-button elementor-button-link elementor-size-lg\" href=\"https:\/\/xlife.pt\/index.php\/sobre-nos\/\">\n\t\t\t\t\t\t<span class=\"elementor-button-content-wrapper\">\n\t\t\t\t\t\t\t\t\t<span class=\"elementor-button-text\">SOBRE N\u00d3S<\/span>\n\t\t\t\t\t<\/span>\n\t\t\t\t\t<\/a>\n\t\t\t\t<\/div>\n\t\t\t\t\t\t\t\t<\/div>\n\t\t\t\t<\/div>\n\t\t\t\t<\/div>\n\t\t\t\t<\/div>\n\t\t\t\t<\/div>\n\t\t","protected":false},"excerpt":{"rendered":"<p>Acredita em ti! Be the Best You Can Be Pr\u00f3ximos Eventos I JORNADAS DE MONTANHA 20 de Julho 2025 INSCRI\u00c7\u00d5ES HYBRID Day Leiriaby Crossfit Leiria, Crossfit Viana do Castelo &amp; Xlife 26 e 27 de Julho 2025 INSCRI\u00c7\u00d5ES INSCRI\u00c7\u00d5ES INSCRI\u00c7\u00d5ES HYBRID Day2026 INSCRI\u00c7\u00d5ES 9\u00ba DUATLO Viana do Castelo 29 de Mar\u00e7o de 2026 5km + [&hellip;]<\/p>\n","protected":false},"author":1,"featured_media":0,"parent":0,"menu_order":0,"comment_status":"closed","ping_status":"closed","template":"","meta":{"footnotes":""},"class_list":["post-8","page","type-page","status-publish","hentry"],"_links":{"self":[{"href":"https:\/\/xlife.pt\/index.php\/wp-json\/wp\/v2\/pages\/8","targetHints":{"allow":["GET"]}}],"collection":[{"href":"https:\/\/xlife.pt\/index.php\/wp-json\/wp\/v2\/pages"}],"about":[{"href":"https:\/\/xlife.pt\/index.php\/wp-json\/wp\/v2\/types\/page"}],"author":[{"embeddable":true,"href":"https:\/\/xlife.pt\/index.php\/wp-json\/wp\/v2\/users\/1"}],"replies":[{"embeddable":true,"href":"https:\/\/xlife.pt\/index.php\/wp-json\/wp\/v2\/comments?post=8"}],"version-history":[{"count":265,"href":"https:\/\/xlife.pt\/index.php\/wp-json\/wp\/v2\/pages\/8\/revisions"}],"predecessor-version":[{"id":952,"href":"https:\/\/xlife.pt\/index.php\/wp-json\/wp\/v2\/pages\/8\/revisions\/952"}],"wp:attachment":[{"href":"https:\/\/xlife.pt\/index.php\/wp-json\/wp\/v2\/media?parent=8"}],"curies":[{"name":"wp","href":"https:\/\/api.w.org\/{rel}","templated":true}]}}